{"id":143687,"date":"2023-11-15T10:50:42","date_gmt":"2023-11-15T10:50:42","guid":{"rendered":"https:\/\/fundaciobofill.cat\/?page_id=143687"},"modified":"2025-12-01T16:43:57","modified_gmt":"2025-12-01T16:43:57","slug":"aviso-legal","status":"publish","type":"page","link":"https:\/\/fundaciobofill.cat\/es\/aviso-legal","title":{"rendered":"Aviso legal"},"content":{"rendered":"\n<p><strong>As\u00ed de simple: aqu\u00ed te explicamos que para la mayor\u00eda de materiales te ofrecemos una licencia abierta, que nos comprometemos a no compartir tu nombre y direcci\u00f3n con nadie y que, cuando nos lo pidas, borraremos los datos que nos hayas proporcionado.<\/strong><\/p>\n\n\n\n<p>En cumplimiento de la Ley de servicios de la sociedad de la informaci\u00f3n y comercio electr\u00f3nico, y otra legislaci\u00f3n complementaria, se informa que el sitio web <a href=\"http:\/\/www.fundaciobofill.cat\">www.fundaciobofill.cat<\/a> es propiedad y responsabilidad de la <strong>Fundaci\u00f3 Jaume Bofill<\/strong>, con domicilio social en la calle Girona, 34, Interior (08010 Barcelona, Estado espa\u00f1ol), con CIF n\u00fam. G08241036, inscrita en el Registro de Fundaciones de la Generalitat de Catalunya con el n\u00fam. 159, con n\u00famero de tel\u00e9fono +34 93 458 87 00 y direcci\u00f3n electr\u00f3nica <a>fbofill@fundaciobofill.org<\/a>, e inscrita en el Registro de grupos de inter\u00e9s de la Administraci\u00f3n de la Generalitat y del sector p\u00fablico con el identificador 1226.<\/p>\n\n\n\n<p><strong>Propiedad intelectual<\/strong><\/p>\n\n\n\n<p>La Fundaci\u00f3 Jaume Bofill es titular de los siguientes dominios:<\/p>\n\n\n\n<p><a href=\"http:\/\/www.fundaciobofill.cat\/\" target=\"_blank\" rel=\"noreferrer noopener\">www.fundaciobofill.cat<\/a>&nbsp;\/&nbsp;<a href=\"https:\/\/hubsocialbcn.cat\/\">https:\/\/hubsocialbcn.cat \/<\/a>&nbsp;<a href=\"https:\/\/codeclub.cat\/\" target=\"_blank\" rel=\"noreferrer noopener\">codeclub.cat \/<\/a>&nbsp;<a href=\"https:\/\/prousegregacio.cat\/\" target=\"_blank\" rel=\"noreferrer noopener\">https:\/\/prousegregacio.cat\/<\/a>&nbsp;<a href=\"https:\/\/bibliotech.cat\/\" target=\"_blank\" rel=\"noreferrer noopener\">bibliotech.cat&nbsp;<\/a>\/&nbsp;<a href=\"https:\/\/eduevidencias.es\/\" target=\"_blank\" rel=\"noreferrer noopener\">eduevidencias.es<\/a>&nbsp;\/ <a href=\"https:\/\/www.zeroabandonament.cat\/\" target=\"_blank\" rel=\"noreferrer noopener\">zeroabandonament.cat<\/a> \/&nbsp;<a href=\"http:\/\/www.mentora.cat\/\" target=\"_blank\" rel=\"noreferrer noopener\">www.mentora.cat<\/a>&nbsp;\/&nbsp;<a href=\"https:\/\/equitatdigital.cat\/\" target=\"_blank\" rel=\"noreferrer noopener\">equitatdigital.cat\/<\/a>&nbsp;<a href=\"https:\/\/suporteducatiu.org\/\" target=\"_blank\" rel=\"noreferrer noopener\">https:\/\/suporteducatiu.org<\/a>&nbsp;\/&nbsp;<a href=\"https:\/\/recercaperleducacio.cat\/\">https:\/\/recercaperleducacio.cat.<\/a> \/ <a href=\"https:\/\/www.passaportedunauta.cat\/\" target=\"_blank\" rel=\"noreferrer noopener\">www.passaportedunauta.cat<\/a> \/ <a href=\"https:\/\/elsfutursdeleducacio.cat\/\">elsfutursdeleducacio.cat<\/a>  <a href=\"https:\/\/obrimeducacio.cat\/\" target=\"_blank\" rel=\"noreferrer noopener\">www.obrimeducacio.cat<\/a> \/ <a href=\"http:\/\/magnet.cat\/\" target=\"_blank\" rel=\"noreferrer noopener\">www.magnet.cat<\/a> \/ <a href=\"https:\/\/www.educacio360.cat\/\" target=\"_blank\" rel=\"noreferrer noopener\">www.educacio360.cat<\/a> \/ <a href=\"https:\/\/raval.edhack.cat\/\" target=\"_blank\" rel=\"noreferrer noopener\">www.edhack.cat<\/a> \/ <a href=\"http:\/\/edubarometre.cat\/\" target=\"_blank\" rel=\"noreferrer noopener\">edubarometre.cat<\/a> \/ <a href=\"http:\/\/edcamp.educaciodema.cat\/\" target=\"_blank\" rel=\"noreferrer noopener\">edcamp.educaciodema.cat<\/a> \/ <a href=\"http:\/\/www.lectura.cat\/\" target=\"_blank\" rel=\"noreferrer noopener\">www.lectura.cat<\/a>&nbsp;<\/p>\n\n\n\n<p>La estructura y la totalidad de los contenidos de este sitio web son propiedad de la Fundaci\u00f3 Jaume Bofill, han sido licenciados a la misma o, en todo caso, su uso est\u00e1 expresamente autorizado por sus titulares. Asimismo, las referencias a nombres y marcas comerciales o registradas, logotipos y otros signos distintivos, ya sean propiedad de la Fundaci\u00f3 Jaume Bofill o de terceras empresas, implican la prohibici\u00f3n de su uso sin la autorizaci\u00f3n previa, expresa y por escrito de la Fundaci\u00f3 Jaume Bofill o de sus leg\u00edtimos propietarios.<\/p>\n\n\n\n<p><strong>Uso del sitio web<\/strong><\/p>\n\n\n\n<p>El acceso a nuestro sitio web por parte del usuario es gratuito y est\u00e1 condicionado a la lectura previa y aceptaci\u00f3n \u00edntegra, expresa y sin reservas de este Aviso legal, T\u00e9rminos y Condiciones, vigentes en el momento del acceso, que te pedimos que leas detenidamente. La Fundaci\u00f3 Jaume Bofill no se responsabiliza del mal uso que se haga de los contenidos del sitio web, los cuales son responsabilidad exclusiva del usuario que acceda o los utilice. La Fundaci\u00f3 Jaume Bofill se reserva el derecho de modificar este texto legal libremente y en cualquier momento, sin previo aviso, as\u00ed como los contenidos de los dominios y los t\u00e9rminos y condiciones de este aviso. En ocasiones, es posible que determinada informaci\u00f3n y documentos no est\u00e9n accesibles.<\/p>\n\n\n\n<p><strong>\u00bfQuieres compartir nuestros contenidos?<\/strong><\/p>\n\n\n\n<p>\u00a1Puedes hacerlo y nos gustar\u00eda que lo hicieras! Nuestros contenidos se difunden mayoritariamente bajo la licencia <strong>Creative Commons<\/strong>, especificada en cada caso, para que puedas descargarlos. Por ello, salvo que se indique lo contrario, te animamos a copiar, redistribuir, remezclar o transformar y crear tus propios contenidos a partir de los de este sitio web, para cualquier finalidad, incluida la comercial. Solo te pedimos que reconozcas la autor\u00eda de la creaci\u00f3n original.<\/p>\n\n\n\n<p><strong>\u00a1Enl\u00e1zanos!<\/strong><\/p>\n\n\n\n<p>\u00a1Siempre que quieras puedes enlazarnos! Lo \u00fanico que te pedimos es que hagas visible la URL e indiques que se est\u00e1 accediendo a un sitio web de la Fundaci\u00f3 Jaume Bofill.<\/p>\n\n\n\n<p><strong>Enlaces con otras instituciones y entidades<\/strong><\/p>\n\n\n\n<p>Este sitio web tambi\u00e9n contiene enlaces o hiperenlaces que conducen a otras p\u00e1ginas web gestionadas por terceros ajenos a nuestra organizaci\u00f3n. La presencia de enlaces en el sitio web tiene una finalidad meramente informativa. La Fundaci\u00f3 Jaume Bofill no puede garantizar el contenido o la informaci\u00f3n que se recoja en dichas p\u00e1ginas web ni su veracidad o actualizaci\u00f3n y, en consecuencia, queda exenta de cualquier responsabilidad por da\u00f1os y perjuicios de cualquier tipo que puedan derivarse de la utilizaci\u00f3n de p\u00e1ginas web ajenas a la nuestra.<\/p>\n\n\n\n<p>Los servicios de informaci\u00f3n y publicaciones ofrecidos por la Fundaci\u00f3 Jaume Bofill a trav\u00e9s de sus sitios web p\u00fablicos y el env\u00edo de boletines peri\u00f3dicos por correo electr\u00f3nico son gratuitos para cualquier usuario que lo desee. No obstante, hay servicios de otros sitios web relacionados que pueden estar enlazados con estos y disponer de su propia pol\u00edtica de precios.<\/p>\n\n\n\n<p><strong>\u00a1Tu privacidad nos importa, conf\u00eda en nosotros!<\/strong><\/p>\n\n\n\n<p>Nunca compartiremos tu nombre y direcci\u00f3n con nadie. La Fundaci\u00f3 Jaume Bofill quiere ser profundamente respetuosa con el derecho de las personas a preservar su intimidad y privacidad, y por ello cumple con lo dispuesto en el <strong>Reglamento (UE) 2016\/679<\/strong> del Parlamento y del Consejo, de 27 de abril de 2016, relativo a la protecci\u00f3n de las personas f\u00edsicas en lo que respecta al tratamiento de datos personales y su libre circulaci\u00f3n. Tambi\u00e9n cumple con la <strong>Ley 34\/2002<\/strong>, de 11 de julio, de Servicios de la Sociedad de la Informaci\u00f3n y de Comercio Electr\u00f3nico.<\/p>\n\n\n\n<p>Si deseas recibir informaci\u00f3n sobre nuestra actividad, solo tienes que facilitarnos tus datos de contacto en este formulario y te enviaremos informaci\u00f3n sobre los pr\u00f3ximos actos, publicaciones, v\u00eddeos y noticias de actualidad, de forma totalmente gratuita. Para resolver cualquier cuesti\u00f3n relativa al proceso de registro y\/o identificar y corregir posibles errores, puedes ponerte en contacto con la Fundaci\u00f3 Jaume Bofill por correo electr\u00f3nico a <strong><a>butlleti@fundaciobofill.org<\/a><\/strong> o llamando al n\u00famero de tel\u00e9fono <strong>+34 93 458 87 00<\/strong>.<\/p>\n\n\n\n<p>Si no manifiestas lo contrario, entenderemos que, al aceptar este texto legal, das tu consentimiento expreso y autorizas expresamente estos tratamientos de datos, el env\u00edo de informaciones y\/o comunicaciones, comerciales o no, que puedan ser de tu inter\u00e9s, a trav\u00e9s de cualquier tipo de medio de comunicaci\u00f3n, incluso electr\u00f3nico, como tu correo electr\u00f3nico o tel\u00e9fono m\u00f3vil.<\/p>\n\n\n\n<p>Si deseas compartir con la Fundaci\u00f3 Jaume Bofill fotograf\u00edas, grabaciones de voz y\/o v\u00eddeos personales o familiares, nos otorgas tu consentimiento expreso para que la Fundaci\u00f3 Jaume Bofill utilice tu imagen personal y voz y\/o la imagen de tus descendientes menores de edad y sus voces, que nos hayas proporcionado directamente o permitido captar voluntariamente, de acuerdo con la <strong>Ley Org\u00e1nica 1\/1982<\/strong>, de 5 de mayo, sobre Protecci\u00f3n Civil del Derecho al Honor, a la Intimidad Personal y Familiar y a la Propia Imagen, para su uso y difusi\u00f3n en medios de comunicaci\u00f3n propios de la Fundaci\u00f3 o de terceros y en otros soportes de comunicaci\u00f3n comercial o informativa que se consideren pertinentes por parte de la Fundaci\u00f3, por cualquier medio, ya sea gr\u00e1fico, audiovisual o sonoro, impreso o electr\u00f3nico o por cualquier otro tipo de medio no especificado, para finalidades estrictamente informativas o promocionales de la Fundaci\u00f3 Jaume Bofill y de sus actividades, renunciando expresamente a reclamar posibles derechos econ\u00f3micos, sin limitaciones geogr\u00e1ficas o temporales, siempre en el marco estricto de estas finalidades de promoci\u00f3n de la Fundaci\u00f3 Jaume Bofill.<br><\/p>\n\n\n\n<p>Revocaci\u00f3n del consentimiento y otros derechos respecto a los datos personales del usuario.Puedes revocar el consentimiento que has otorgado para el tratamiento de tus datos con la finalidad de informarte por correo postal y\/o electr\u00f3nico sobre actividades y proyectos de la Fundaci\u00f3. Tambi\u00e9n puedes revocar el consentimiento para la difusi\u00f3n de tu imagen personal o familiar y ejercer los derechos de acceso, rectificaci\u00f3n, cancelaci\u00f3n y oposici\u00f3n dirigiendo un escrito firmado a la siguiente direcci\u00f3n postal: <strong>C\/ Girona 34, B, 08010 Barcelona<\/strong>, o mediante la direcci\u00f3n electr\u00f3nica <strong><a>butlleti@fundaciobofill.org<\/a><\/strong>, o desde el mismo bolet\u00edn, especificando el derecho que deseas ejercer.<\/p>\n","protected":false},"excerpt":{"rendered":"<p>As\u00ed de simple: aqu\u00ed te explicamos que para la mayor\u00eda de materiales te ofrecemos una licencia abierta, que nos comprometemos a no compartir tu nombre y direcci\u00f3n con nadie y que, cuando nos lo pidas, borraremos los datos que nos hayas proporcionado. En cumplimiento de la Ley de servicios de la sociedad de la informaci\u00f3n [&hellip;]<\/p>\n","protected":false},"author":7,"featured_media":0,"parent":0,"menu_order":0,"comment_status":"closed","ping_status":"closed","template":"template-faqs.blade.php","meta":{"_acf_changed":false,"footnotes":""},"class_list":["post-143687","page","type-page","status-publish","hentry"],"acf":[],"yoast_head":"<!-- This site is optimized with the Yoast SEO plugin v27.1.1 - https:\/\/yoast.com\/product\/yoast-seo-wordpress\/ -->\n<title>Aviso Legal | Fundaci\u00f3n Bofill<\/title>\n<meta name=\"description\" content=\"Consulta el Aviso Legal de la Fundaci\u00f3n Jaume Bofill: informaci\u00f3n jur\u00eddica, condiciones de uso del sitio web y responsabilidades del usuario y de la entidad.\" \/>\n<meta name=\"robots\" content=\"index, follow, max-snippet:-1, max-image-preview:large, max-video-preview:-1\" \/>\n<link rel=\"canonical\" href=\"https:\/\/fundaciobofill.cat\/es\/aviso-legal\" \/>\n<meta property=\"og:locale\" content=\"es_ES\" \/>\n<meta property=\"og:type\" content=\"article\" \/>\n<meta property=\"og:title\" content=\"Aviso Legal | Fundaci\u00f3n Bofill\" \/>\n<meta property=\"og:description\" content=\"Consulta el Aviso Legal de la Fundaci\u00f3n Jaume Bofill: informaci\u00f3n jur\u00eddica, condiciones de uso del sitio web y responsabilidades del usuario y de la entidad.\" \/>\n<meta property=\"og:url\" content=\"https:\/\/fundaciobofill.cat\/es\/aviso-legal\" \/>\n<meta property=\"og:site_name\" content=\"Fundaci\u00f3 Bofill\" \/>\n<meta property=\"article:publisher\" content=\"https:\/\/www.facebook.com\/FundacioBofill?locale=es_ES\" \/>\n<meta property=\"article:modified_time\" content=\"2025-12-01T16:43:57+00:00\" \/>\n<meta name=\"twitter:card\" content=\"summary_large_image\" \/>\n<meta name=\"twitter:site\" content=\"@FundacioBofill\" \/>\n<meta name=\"twitter:label1\" content=\"Tiempo de lectura\" \/>\n\t<meta name=\"twitter:data1\" content=\"7 minutos\" \/>\n<script type=\"application\/ld+json\" class=\"yoast-schema-graph\">{\"@context\":\"https:\/\/schema.org\",\"@graph\":[{\"@type\":\"WebPage\",\"@id\":\"https:\/\/fundaciobofill.cat\/es\/aviso-legal\",\"url\":\"https:\/\/fundaciobofill.cat\/es\/aviso-legal\",\"name\":\"Aviso Legal | Fundaci\u00f3n Bofill\",\"isPartOf\":{\"@id\":\"https:\/\/fundaciobofill.cat\/es#website\"},\"datePublished\":\"2023-11-15T10:50:42+00:00\",\"dateModified\":\"2025-12-01T16:43:57+00:00\",\"description\":\"Consulta el Aviso Legal de la Fundaci\u00f3n Jaume Bofill: informaci\u00f3n jur\u00eddica, condiciones de uso del sitio web y responsabilidades del usuario y de la entidad.\",\"inLanguage\":\"es\",\"potentialAction\":[{\"@type\":\"ReadAction\",\"target\":[\"https:\/\/fundaciobofill.cat\/es\/aviso-legal\"]}]},{\"@type\":\"WebSite\",\"@id\":\"https:\/\/fundaciobofill.cat\/es#website\",\"url\":\"https:\/\/fundaciobofill.cat\/es\",\"name\":\"Fundaci\u00f3 Bofill\",\"description\":\"educaci\u00f3 per canviar-ho tot\",\"publisher\":{\"@id\":\"https:\/\/fundaciobofill.cat\/es#organization\"},\"potentialAction\":[{\"@type\":\"SearchAction\",\"target\":{\"@type\":\"EntryPoint\",\"urlTemplate\":\"https:\/\/fundaciobofill.cat\/es?s={search_term_string}\"},\"query-input\":{\"@type\":\"PropertyValueSpecification\",\"valueRequired\":true,\"valueName\":\"search_term_string\"}}],\"inLanguage\":\"es\"},{\"@type\":\"Organization\",\"@id\":\"https:\/\/fundaciobofill.cat\/es#organization\",\"name\":\"Fundaci\u00f3 Bofill\",\"url\":\"https:\/\/fundaciobofill.cat\/es\",\"logo\":{\"@type\":\"ImageObject\",\"inLanguage\":\"es\",\"@id\":\"https:\/\/fundaciobofill.cat\/es#\/schema\/logo\/image\/\",\"url\":\"https:\/\/fundaciobofill.cat\/app\/uploads\/2025\/08\/Logo-F-Bofill.webp\",\"contentUrl\":\"https:\/\/fundaciobofill.cat\/app\/uploads\/2025\/08\/Logo-F-Bofill.webp\",\"width\":1739,\"height\":523,\"caption\":\"Fundaci\u00f3 Bofill\"},\"image\":{\"@id\":\"https:\/\/fundaciobofill.cat\/es#\/schema\/logo\/image\/\"},\"sameAs\":[\"https:\/\/www.facebook.com\/FundacioBofill?locale=es_ES\",\"https:\/\/x.com\/FundacioBofill\"]}]}<\/script>\n<!-- \/ Yoast SEO plugin. -->","yoast_head_json":{"title":"Aviso Legal | Fundaci\u00f3n Bofill","description":"Consulta el Aviso Legal de la Fundaci\u00f3n Jaume Bofill: informaci\u00f3n jur\u00eddica, condiciones de uso del sitio web y responsabilidades del usuario y de la entidad.","robots":{"index":"index","follow":"follow","max-snippet":"max-snippet:-1","max-image-preview":"max-image-preview:large","max-video-preview":"max-video-preview:-1"},"canonical":"https:\/\/fundaciobofill.cat\/es\/aviso-legal","og_locale":"es_ES","og_type":"article","og_title":"Aviso Legal | Fundaci\u00f3n Bofill","og_description":"Consulta el Aviso Legal de la Fundaci\u00f3n Jaume Bofill: informaci\u00f3n jur\u00eddica, condiciones de uso del sitio web y responsabilidades del usuario y de la entidad.","og_url":"https:\/\/fundaciobofill.cat\/es\/aviso-legal","og_site_name":"Fundaci\u00f3 Bofill","article_publisher":"https:\/\/www.facebook.com\/FundacioBofill?locale=es_ES","article_modified_time":"2025-12-01T16:43:57+00:00","twitter_card":"summary_large_image","twitter_site":"@FundacioBofill","twitter_misc":{"Tiempo de lectura":"7 minutos"},"schema":{"@context":"https:\/\/schema.org","@graph":[{"@type":"WebPage","@id":"https:\/\/fundaciobofill.cat\/es\/aviso-legal","url":"https:\/\/fundaciobofill.cat\/es\/aviso-legal","name":"Aviso Legal | Fundaci\u00f3n Bofill","isPartOf":{"@id":"https:\/\/fundaciobofill.cat\/es#website"},"datePublished":"2023-11-15T10:50:42+00:00","dateModified":"2025-12-01T16:43:57+00:00","description":"Consulta el Aviso Legal de la Fundaci\u00f3n Jaume Bofill: informaci\u00f3n jur\u00eddica, condiciones de uso del sitio web y responsabilidades del usuario y de la entidad.","inLanguage":"es","potentialAction":[{"@type":"ReadAction","target":["https:\/\/fundaciobofill.cat\/es\/aviso-legal"]}]},{"@type":"WebSite","@id":"https:\/\/fundaciobofill.cat\/es#website","url":"https:\/\/fundaciobofill.cat\/es","name":"Fundaci\u00f3 Bofill","description":"educaci\u00f3 per canviar-ho tot","publisher":{"@id":"https:\/\/fundaciobofill.cat\/es#organization"},"potentialAction":[{"@type":"SearchAction","target":{"@type":"EntryPoint","urlTemplate":"https:\/\/fundaciobofill.cat\/es?s={search_term_string}"},"query-input":{"@type":"PropertyValueSpecification","valueRequired":true,"valueName":"search_term_string"}}],"inLanguage":"es"},{"@type":"Organization","@id":"https:\/\/fundaciobofill.cat\/es#organization","name":"Fundaci\u00f3 Bofill","url":"https:\/\/fundaciobofill.cat\/es","logo":{"@type":"ImageObject","inLanguage":"es","@id":"https:\/\/fundaciobofill.cat\/es#\/schema\/logo\/image\/","url":"https:\/\/fundaciobofill.cat\/app\/uploads\/2025\/08\/Logo-F-Bofill.webp","contentUrl":"https:\/\/fundaciobofill.cat\/app\/uploads\/2025\/08\/Logo-F-Bofill.webp","width":1739,"height":523,"caption":"Fundaci\u00f3 Bofill"},"image":{"@id":"https:\/\/fundaciobofill.cat\/es#\/schema\/logo\/image\/"},"sameAs":["https:\/\/www.facebook.com\/FundacioBofill?locale=es_ES","https:\/\/x.com\/FundacioBofill"]}]}},"_links":{"self":[{"href":"https:\/\/fundaciobofill.cat\/es\/wp-json\/wp\/v2\/pages\/143687","targetHints":{"allow":["GET"]}}],"collection":[{"href":"https:\/\/fundaciobofill.cat\/es\/wp-json\/wp\/v2\/pages"}],"about":[{"href":"https:\/\/fundaciobofill.cat\/es\/wp-json\/wp\/v2\/types\/page"}],"author":[{"embeddable":true,"href":"https:\/\/fundaciobofill.cat\/es\/wp-json\/wp\/v2\/users\/7"}],"replies":[{"embeddable":true,"href":"https:\/\/fundaciobofill.cat\/es\/wp-json\/wp\/v2\/comments?post=143687"}],"version-history":[{"count":1,"href":"https:\/\/fundaciobofill.cat\/es\/wp-json\/wp\/v2\/pages\/143687\/revisions"}],"predecessor-version":[{"id":143688,"href":"https:\/\/fundaciobofill.cat\/es\/wp-json\/wp\/v2\/pages\/143687\/revisions\/143688"}],"wp:attachment":[{"href":"https:\/\/fundaciobofill.cat\/es\/wp-json\/wp\/v2\/media?parent=143687"}],"curies":[{"name":"wp","href":"https:\/\/api.w.org\/{rel}","templated":true}]}}